{"id":22,"date":"2015-09-07T16:48:38","date_gmt":"2015-09-07T22:48:38","guid":{"rendered":"http:\/\/www.cisebusiness.com\/english\/?page_id=22"},"modified":"2023-09-25T16:17:07","modified_gmt":"2023-09-25T22:17:07","slug":"contact-us","status":"publish","type":"page","link":"http:\/\/www.cisebusiness.com\/english\/contact-us\/","title":{"rendered":"Contact Us"},"content":{"rendered":"<div class=\"wpb-content-wrapper\">[vc_row][vc_column width=&#8221;1\/2&#8243;][vc_column_text]\n<p style=\"text-align: right;\"><em>*<span lang=\"en\">Required fields<\/span><\/em><\/p>\n[\/vc_column_text][vc_column_text]\n<div class=\"wpcf7 no-js\" id=\"wpcf7-f891-o1\" lang=\"en-US\" dir=\"ltr\" data-wpcf7-id=\"891\">\n<div class=\"screen-reader-response\"><p role=\"status\" aria-live=\"polite\" aria-atomic=\"true\"><\/p> <ul><\/ul><\/div>\n<form action=\"\/english\/wp-json\/wp\/v2\/pages\/22#wpcf7-f891-o1\" method=\"post\" class=\"wpcf7-form init\" aria-label=\"Contact form\" novalidate=\"novalidate\" data-status=\"init\">\n<div style=\"display: none;\">\n<input type=\"hidden\" name=\"_wpcf7\" value=\"891\" \/>\n<input type=\"hidden\" name=\"_wpcf7_version\" value=\"6.0.6\" \/>\n<input type=\"hidden\" name=\"_wpcf7_locale\" value=\"en_US\" \/>\n<input type=\"hidden\" name=\"_wpcf7_unit_tag\" value=\"wpcf7-f891-o1\" \/>\n<input type=\"hidden\" name=\"_wpcf7_container_post\" value=\"0\" \/>\n<input type=\"hidden\" name=\"_wpcf7_posted_data_hash\" value=\"\" \/>\n<\/div>\n<p>Name*\n<\/p>\n<p><span class=\"wpcf7-form-control-wrap\" data-name=\"your-name\"><input size=\"40\" maxlength=\"400\" class=\"wpcf7-form-control wpcf7-text wpcf7-validates-as-required\" aria-required=\"true\" aria-invalid=\"false\" value=\"\" type=\"text\" name=\"your-name\" \/><\/span>\n<\/p>\n<p>Phone*\n<\/p>\n<p><span class=\"wpcf7-form-control-wrap\" data-name=\"telefono\"><input size=\"40\" maxlength=\"400\" class=\"wpcf7-form-control wpcf7-text\" aria-invalid=\"false\" value=\"\" type=\"text\" name=\"telefono\" \/><\/span>\n<\/p>\n<p>E-mail*\n<\/p>\n<p><span class=\"wpcf7-form-control-wrap\" data-name=\"your-email\"><input size=\"40\" maxlength=\"400\" class=\"wpcf7-form-control wpcf7-email wpcf7-validates-as-required wpcf7-text wpcf7-validates-as-email\" aria-required=\"true\" aria-invalid=\"false\" value=\"\" type=\"email\" name=\"your-email\" \/><\/span>\n<\/p>\n<p>Company\n<\/p>\n<p><span class=\"wpcf7-form-control-wrap\" data-name=\"empresa\"><input size=\"40\" maxlength=\"400\" class=\"wpcf7-form-control wpcf7-text\" aria-invalid=\"false\" value=\"\" type=\"text\" name=\"empresa\" \/><\/span>\n<\/p>\n<p>City\n<\/p>\n<p><span class=\"wpcf7-form-control-wrap\" data-name=\"ciudad\"><input size=\"40\" maxlength=\"400\" class=\"wpcf7-form-control wpcf7-text\" aria-invalid=\"false\" value=\"\" type=\"text\" name=\"ciudad\" \/><\/span>\n<\/p>\n<p>Message\n<\/p>\n<p><span class=\"wpcf7-form-control-wrap\" data-name=\"your-message\"><textarea cols=\"40\" rows=\"10\" maxlength=\"2000\" class=\"wpcf7-form-control wpcf7-textarea\" aria-invalid=\"false\" name=\"your-message\"><\/textarea><\/span>\n<\/p>\n<p><input class=\"wpcf7-form-control wpcf7-submit has-spinner\" type=\"submit\" value=\"Send\" \/>\n<\/p><div class=\"wpcf7-response-output\" aria-hidden=\"true\"><\/div>\n<\/form>\n<\/div>\n[\/vc_column_text][\/vc_column][vc_column width=&#8221;1\/2&#8243;][vc_single_image image=&#8221;331&#8243; img_size=&#8221;500 \u00d7 550&#8243;][vc_empty_space][mk_icon_box2 icon_size=&#8221;32&#8243; icon=&#8221;mk-moon-phone-2&#8243; icon_color=&#8221;#1e73be&#8221; icon_background_color=&#8221;#f4f4f4&#8243; icon_hover_color=&#8221;#1e73be&#8221; icon_hover_background_color=&#8221;#f4f4f4&#8243; title=&#8221;CONTACT US VIA TELEPHONE&#8221;]<span style=\"color: #000000;\">Polanco: +52 (55) 1101-1799 y +52 (55) 2581-5500.<\/span><br \/>\n<span style=\"color: #000000;\">Florencia: +52 (55) 5242-5800,  +52 (55) 5207-2099<\/span>[\/mk_icon_box2][\/vc_column][\/vc_row]\n[vc_empty_space][mk_icon_box2 icon_size=&#8221;32&#8243; icon=&#8221;mk-li-pinmap&#8221; icon_color=&#8221;#1e73be&#8221; icon_background_color=&#8221;#f4f4f4&#8243; icon_hover_color=&#8221;#1e73be&#8221; icon_hover_background_color=&#8221;#f4f4f4&#8243; title=&#8221;lOCATION&#8221;]<span style=\"color: #000000;\">Polanco: Ej\u00e9rcito Nacional #418, piso 7 y 8. Col. Polanco V secci\u00f3n, Delegaci\u00f3n Miguel Hidalgo, CP: 11560, Ciudad de M\u00e9xico.<\/span><br \/>\n<span style=\"color: #000000;\">Florencia: Florencia No. 57, Piso 3, 5 y 6, Del. Cuauht\u00e9moc, Col. Ju\u00e1rez, CP 06600, Ciudad de M\u00e9xico<br \/>\nTel\u00e9fonos: +52 (55) 5242-5800,  +52 (55) 5207-2099<\/span>[\/mk_icon_box2]\n\n\n[vc_row][vc_column][vc_column_text]\n[\/vc_column_text][\/vc_column][\/vc_row]\n<\/div>","protected":false},"excerpt":{"rendered":"[vc_row][vc_column width=\"1\/2\"][vc_column_text] *Required fields [\/vc_column_text][vc_column_text] Name* Phone* E-mail* Company City Message [\/vc_column_text][\/vc_column][vc_column width=\"1\/2\"][vc_single_image image=\"331\" img_size=\"500 \u00d7 550\"][vc_empty_space][mk_icon_box2 icon_size=\"32\" icon=\"mk-moon-phone-2\" icon_color=\"#1e73be\" icon_background_color=\"#f4f4f4\" icon_hover_color=\"#1e73be\" icon_hover_background_color=\"#f4f4f4\" title=\"CONTACT US VIA TELEPHONE\"]Polanco: +52 (55) 1101-1799 y +52 (55) 2581-5500. Florencia: +52 (55) 5242-5800, +52 (55) 5207-2099[\/mk_icon_box2][\/vc_column][\/vc_row] [vc_empty_space][mk_icon_box2 icon_size=\"32\" icon=\"mk-li-pinmap\" icon_color=\"#1e73be\" icon_background_color=\"#f4f4f4\" icon_hover_color=\"#1e73be\" icon_hover_background_color=\"#f4f4f4\" title=\"lOCATION\"]Polanco: Ej\u00e9rcito Nacional #418, piso 7 y [...]","protected":false},"author":3,"featured_media":0,"parent":0,"menu_order":0,"comment_status":"closed","ping_status":"closed","template":"","meta":{"_joinchat":[],"footnotes":""},"class_list":["post-22","page","type-page","status-publish","hentry"],"_links":{"self":[{"href":"http:\/\/www.cisebusiness.com\/english\/wp-json\/wp\/v2\/pages\/22","targetHints":{"allow":["GET"]}}],"collection":[{"href":"http:\/\/www.cisebusiness.com\/english\/wp-json\/wp\/v2\/pages"}],"about":[{"href":"http:\/\/www.cisebusiness.com\/english\/wp-json\/wp\/v2\/types\/page"}],"author":[{"embeddable":true,"href":"http:\/\/www.cisebusiness.com\/english\/wp-json\/wp\/v2\/users\/3"}],"replies":[{"embeddable":true,"href":"http:\/\/www.cisebusiness.com\/english\/wp-json\/wp\/v2\/comments?post=22"}],"version-history":[{"count":3,"href":"http:\/\/www.cisebusiness.com\/english\/wp-json\/wp\/v2\/pages\/22\/revisions"}],"predecessor-version":[{"id":1282,"href":"http:\/\/www.cisebusiness.com\/english\/wp-json\/wp\/v2\/pages\/22\/revisions\/1282"}],"wp:attachment":[{"href":"http:\/\/www.cisebusiness.com\/english\/wp-json\/wp\/v2\/media?parent=22"}],"curies":[{"name":"wp","href":"https:\/\/api.w.org\/{rel}","templated":true}]}}