{"id":20,"date":"2015-09-07T16:48:28","date_gmt":"2015-09-07T22:48:28","guid":{"rendered":"http:\/\/www.cisebusiness.com\/english\/?page_id=20"},"modified":"2016-11-02T13:23:42","modified_gmt":"2016-11-02T19:23:42","slug":"locations","status":"publish","type":"page","link":"http:\/\/www.cisebusiness.com\/english\/locations\/","title":{"rendered":"Locations"},"content":{"rendered":"<div class=\"wpb-content-wrapper\">[vc_row][vc_column][vc_column_text]\n<h1><span style=\"color: #1b49a1;\">Furnished rental Offices<\/span><\/h1>\n[\/vc_column_text][vc_empty_space][\/vc_column][\/vc_row][vc_row][vc_column width=&#8221;1\/2&#8243;][vc_single_image image=&#8221;857&#8243; img_size=&#8221;full&#8221;][vc_row_inner][vc_column_inner][mk_button size=&#8221;large&#8221; bg_color=&#8221;#1b49a1&#8243; url=&#8221;http:\/\/www.cisebusiness.com\/english\/cise-polanco&#8221;]\nSee Gallery<br \/>\n[\/mk_button][\/vc_column_inner][\/vc_row_inner][vc_empty_space][vc_row_inner][vc_column_inner width=&#8221;1\/6&#8243;][vc_icon icon_fontawesome=&#8221;fa fa-map-marker&#8221; background_style=&#8221;rounded&#8221; align=&#8221;right&#8221;][\/vc_column_inner][vc_column_inner width=&#8221;3\/4&#8243;][vc_column_text]<span style=\"color: #808080;\">Ej\u00e9rcito Nacional #418, piso 7 y 8. <\/span><br \/>\n<span style=\"color: #808080;\">Col. Polanco V secci\u00f3n, Delegaci\u00f3n Miguel Hidalgo, CP: 11560,\u00a0<\/span><span style=\"color: #808080;\">M\u00e9xico D.F<\/span>[\/vc_column_text][\/vc_column_inner][\/vc_row_inner][vc_row_inner][vc_column_inner width=&#8221;1\/6&#8243;][vc_icon icon_fontawesome=&#8221;fa fa-phone&#8221; background_style=&#8221;rounded&#8221; align=&#8221;right&#8221;][\/vc_column_inner][vc_column_inner width=&#8221;3\/4&#8243;][vc_column_text]\n<p><span style=\"color: #808080;\">(55) 1101-1799 y 6267-0083<\/span><\/p>\n[\/vc_column_text][\/vc_column_inner][\/vc_row_inner][mk_advanced_gmaps latitude=&#8221;19.4375631&#8243; longitude=&#8221;-99.189924&#8243; pin_icon=&#8221;http:\/\/www.cisebusiness.com\/english\/wp-content\/uploads\/2015\/09\/pin-cise.gif&#8221;][\/vc_column][vc_column width=&#8221;1\/2&#8243;][vc_single_image image=&#8221;858&#8243; img_size=&#8221;full&#8221;][vc_row_inner][vc_column_inner][mk_button size=&#8221;large&#8221; bg_color=&#8221;#1b49a1&#8243; url=&#8221;http:\/\/www.cisebusiness.com\/english\/cise-florencia\/&#8221;]\n<p>See Gallery<\/p>\n[\/mk_button][\/vc_column_inner][\/vc_row_inner][vc_empty_space][vc_row_inner][vc_column_inner width=&#8221;1\/6&#8243;][vc_icon icon_fontawesome=&#8221;fa fa-map-marker&#8221; background_style=&#8221;rounded&#8221; align=&#8221;right&#8221;][\/vc_column_inner][vc_column_inner width=&#8221;3\/4&#8243;][vc_column_text]\n<p><span style=\"color: #808080;\">Florencia No. 57, Piso 3, 5 y 6 \u00a0Delegaci\u00f3n Cuauht\u00e9moc Col. Ju\u00e1rez, CP 06600, M\u00e9xico D.F.<\/span><\/p>\n[\/vc_column_text][\/vc_column_inner][\/vc_row_inner][vc_row_inner][vc_column_inner width=&#8221;1\/6&#8243;][vc_icon icon_fontawesome=&#8221;fa fa-phone&#8221; background_style=&#8221;rounded&#8221; align=&#8221;right&#8221;][\/vc_column_inner][vc_column_inner width=&#8221;3\/4&#8243;][vc_column_text]\n<p><span style=\"color: #808080;\">(55) 5242-5800 y 5207-2099<\/span><\/p>\n[\/vc_column_text][\/vc_column_inner][\/vc_row_inner][mk_advanced_gmaps latitude=&#8221;19.4239564&#8243; longitude=&#8221;-99.1685412&#8243; pin_icon=&#8221;http:\/\/www.cisebusiness.com\/english\/wp-content\/uploads\/2015\/09\/pin-cise.gif&#8221;][\/vc_column][\/vc_row]\n<\/div>","protected":false},"excerpt":{"rendered":"<p>[vc_row][vc_column][vc_column_text] Furnished rental Offices [\/vc_column_text][vc_empty_space][\/vc_column][\/vc_row][vc_row][vc_column width=&#8221;1\/2&#8243;][vc_single_image image=&#8221;857&#8243; img_size=&#8221;full&#8221;][vc_row_inner][vc_column_inner][mk_button size=&#8221;large&#8221; bg_color=&#8221;#1b49a1&#8243; url=&#8221;http:\/\/www.cisebusiness.com\/english\/cise-polanco&#8221;] See Gallery [\/mk_button][\/vc_column_inner][\/vc_row_inner][vc_empty_space][vc_row_inner][vc_column_inner width=&#8221;1\/6&#8243;][vc_icon icon_fontawesome=&#8221;fa fa-map-marker&#8221; background_style=&#8221;rounded&#8221; align=&#8221;right&#8221;][\/vc_column_inner][vc_column_inner width=&#8221;3\/4&#8243;][vc_column_text]Ej\u00e9rcito Nacional #418, piso 7 y 8. Col. Polanco V secci\u00f3n, Delegaci\u00f3n Miguel Hidalgo, CP: 11560,\u00a0M\u00e9xico D.F[\/vc_column_text][\/vc_column_inner][\/vc_row_inner][vc_row_inner][vc_column_inner width=&#8221;1\/6&#8243;][vc_icon icon_fontawesome=&#8221;fa fa-phone&#8221; background_style=&#8221;rounded&#8221; align=&#8221;right&#8221;][\/vc_column_inner][vc_column_inner width=&#8221;3\/4&#8243;][vc_column_text] (55) 1101-1799 y 6267-0083 [\/vc_column_text][\/vc_column_inner][\/vc_row_inner][mk_advanced_gmaps latitude=&#8221;19.4375631&#8243; longitude=&#8221;-99.189924&#8243; pin_icon=&#8221;http:\/\/www.cisebusiness.com\/english\/wp-content\/uploads\/2015\/09\/pin-cise.gif&#8221;][\/vc_column][vc_column width=&#8221;1\/2&#8243;][vc_single_image image=&#8221;858&#8243; img_size=&#8221;full&#8221;][vc_row_inner][vc_column_inner][mk_button size=&#8221;large&#8221; bg_color=&#8221;#1b49a1&#8243; [&hellip;]<\/p>\n","protected":false},"author":3,"featured_media":0,"parent":0,"menu_order":0,"comment_status":"closed","ping_status":"closed","template":"","meta":{"_joinchat":[],"footnotes":""},"class_list":["post-20","page","type-page","status-publish","hentry"],"_links":{"self":[{"href":"http:\/\/www.cisebusiness.com\/english\/wp-json\/wp\/v2\/pages\/20","targetHints":{"allow":["GET"]}}],"collection":[{"href":"http:\/\/www.cisebusiness.com\/english\/wp-json\/wp\/v2\/pages"}],"about":[{"href":"http:\/\/www.cisebusiness.com\/english\/wp-json\/wp\/v2\/types\/page"}],"author":[{"embeddable":true,"href":"http:\/\/www.cisebusiness.com\/english\/wp-json\/wp\/v2\/users\/3"}],"replies":[{"embeddable":true,"href":"http:\/\/www.cisebusiness.com\/english\/wp-json\/wp\/v2\/comments?post=20"}],"version-history":[{"count":0,"href":"http:\/\/www.cisebusiness.com\/english\/wp-json\/wp\/v2\/pages\/20\/revisions"}],"wp:attachment":[{"href":"http:\/\/www.cisebusiness.com\/english\/wp-json\/wp\/v2\/media?parent=20"}],"curies":[{"name":"wp","href":"https:\/\/api.w.org\/{rel}","templated":true}]}}