{"id":1027,"date":"2019-09-10T17:32:09","date_gmt":"2019-09-10T23:32:09","guid":{"rendered":"http:\/\/www.cisebusiness.com\/english\/?page_id=1027"},"modified":"2019-09-11T20:03:47","modified_gmt":"2019-09-12T02:03:47","slug":"rent-boardroom","status":"publish","type":"page","link":"http:\/\/www.cisebusiness.com\/english\/rent-boardroom\/","title":{"rendered":"Rent BoardRoom"},"content":{"rendered":"<div class=\"wpb-content-wrapper\">[vc_row][vc_column width=&#8221;1\/4&#8243;][vc_separator color=&#8221;blue&#8221; border_width=&#8221;2&#8243;][\/vc_column][vc_column width=&#8221;1\/2&#8243;][vc_custom_heading text=&#8221;YOUR OFFICE AT POLANCO OR NEAR REFORMA AV., BOTH MOST EXCLUSIVE AREAS OF MEXICO CITY &#8230; AT YOUR SERVICE&#8221; font_container=&#8221;tag:h2|font_size:25px|text_align:center|color:%23a3a3a3&#8243; google_fonts=&#8221;font_family:Roboto%20Slab%3A100%2C300%2Cregular%2C700|font_style:700%20bold%20regular%3A700%3Anormal&#8221;][\/vc_column][vc_column width=&#8221;1\/4&#8243;][vc_separator color=&#8221;blue&#8221; border_width=&#8221;2&#8243;][\/vc_column][\/vc_row][vc_row][vc_column width=&#8221;2\/3&#8243; css=&#8221;.vc_custom_1568157535254{padding-top: 5% !important;padding-right: 5% !important;padding-bottom: 5% !important;padding-left: 5% !important;background-image: url(http:\/\/www.cisebusiness.com\/english\/wp-content\/uploads\/2019\/09\/CISE-Polanco.jpg?id=1029) !important;background-position: center !important;background-repeat: no-repeat !important;background-size: cover !important;}&#8221;][vc_row_inner][vc_column_inner css=&#8221;.vc_custom_1568157802516{background-color: rgba(27,73,161,0.54) !important;*background-color: rgb(27,73,161) !important;}&#8221;][vc_custom_heading text=&#8221;Rent BoardRoom&#8221; font_container=&#8221;tag:h2|font_size:35px|text_align:center|color:%23ffffff&#8221; google_fonts=&#8221;font_family:Roboto%20Slab%3A100%2C300%2Cregular%2C700|font_style:700%20bold%20regular%3A700%3Anormal&#8221;][vc_separator][vc_column_text]\n<p class=\"p1\" style=\"text-align: justify;\"><span style=\"color: #ffffff;\"><br \/>\nWe have several boardrooms for different comfortable and elegant capacities. With services included.<br \/>\nHire our Boardrooms to make your event a success.<br \/>\nWe advise you in organizing your event.<br \/>\n<\/span><\/p>\n[\/vc_column_text][mk_button size=&#8221;large&#8221; align=&#8221;right&#8221; fullwidth=&#8221;true&#8221;]Read More&#8230;[\/mk_button][\/vc_column_inner][\/vc_row_inner][\/vc_column][vc_column width=&#8221;1\/3&#8243;][mk_button size=&#8221;large&#8221; url=&#8221;http:\/\/www.cisebusiness.com\/english\/furnished-and-equiped-offices\/&#8221; fullwidth=&#8221;true&#8221;]Furnished Offices[\/mk_button][mk_button size=&#8221;large&#8221; url=&#8221;http:\/\/www.cisebusiness.com\/english\/virtual-office\/&#8221; fullwidth=&#8221;true&#8221;]Virtual Offices[\/mk_button][mk_button size=&#8221;large&#8221; url=&#8221;http:\/\/www.cisebusiness.com\/english\/rent-boardroom\/&#8221; fullwidth=&#8221;true&#8221;]Meeting Rooms<br \/>\n[\/mk_button][mk_button size=&#8221;large&#8221; url=&#8221;http:\/\/www.cisebusiness.com\/english\/accounting-services\/&#8221; fullwidth=&#8221;true&#8221;]Accounting Services[\/mk_button][mk_button size=&#8221;large&#8221; url=&#8221;http:\/\/www.cisebusiness.com\/english\/legal-services\/&#8221; fullwidth=&#8221;true&#8221;]Legal Services[\/mk_button][mk_button size=&#8221;large&#8221; url=&#8221;http:\/\/www.cisebusiness.com\/english\/virtual-access\/&#8221; fullwidth=&#8221;true&#8221;]Virtual Access[\/mk_button][\/vc_column][\/vc_row][vc_row][vc_column][vc_separator][mk_title_box color=&#8221;#ffffff&#8221; highlight_color=&#8221;#1b49a1&#8243; highlight_opacity=&#8221;1&#8243; size=&#8221;20&#8243; font_weight=&#8221;normal&#8221; stroke=&#8221;1&#8243; stroke_color=&#8221;#1b49a1&#8243; margin_bottom=&#8221;0&#8243; font_family=&#8221;Roboto+Slab&#8221; font_type=&#8221;google&#8221; align=&#8221;center&#8221;]\n<p style=\"text-align: center;\">Prices to Rent BoardRoom (CISE Polanco).<br \/>\nUbicaci\u00f3n: Ej\u00e9rcito Nacional #418, piso 7 y 8. Col. Polanco V secci\u00f3n, Delegaci\u00f3n Miguel Hidalgo, CP: 11560, Ciudad de M\u00e9xico.<\/p>\n[\/mk_title_box][mk_table]\n<table width=\"100%\">\n<thead>\n<tr>\n<th>PETITE<\/th>\n<th>OLMECA<\/th>\n<th>AZTECA<\/th>\n<th>MAYA<\/th>\n<\/tr>\n<\/thead>\n<tbody>\n<tr>\n<td>4 Personas<\/td>\n<td>8 Personas<\/td>\n<td>10 Personas<\/td>\n<td>25 personas<\/td>\n<\/tr>\n<tr>\n<td>Smart TV 40&#8243;<\/td>\n<td>Smart TV 60&#8243;<\/td>\n<td>Smart TV 60&#8243;<\/td>\n<td>Smart TV 60&#8243;<\/td>\n<\/tr>\n<tr>\n<td>1hrs x $375+IVA<\/td>\n<td>1hrs x $600+IVA<\/td>\n<td>1hrs x $600+IVA<\/td>\n<td>1hrs x $1200+IVA<\/td>\n<\/tr>\n<tr>\n<td>2-5 hrs -10% dscto<\/td>\n<td>2-5 hrs -10% dscto<\/td>\n<td>2-5 hrs -10% dscto<\/td>\n<td>2-5 hrs -10% dscto<\/td>\n<\/tr>\n<tr>\n<td>6-8 hrs -15% dscto<\/td>\n<td>6-8 hrs -15% dscto<\/td>\n<td>\u00a06-8 hrs -15% dscto<\/td>\n<td>\u00a06-8 hrs -15% dscto<\/td>\n<\/tr>\n<tr>\n<td>10 hrs o m\u00e1s -25% dscto<\/td>\n<td>10 hrs o m\u00e1s -25% dscto<\/td>\n<td>10 hrs o m\u00e1s -25% dscto<\/td>\n<td>10 hrs o m\u00e1s -25% dscto<\/td>\n<\/tr>\n<\/tbody>\n<\/table>\n[\/mk_table][\/vc_column][\/vc_row]\n<\/div>","protected":false},"excerpt":{"rendered":"<p>[vc_row][vc_column width=&#8221;1\/4&#8243;][vc_separator color=&#8221;blue&#8221; border_width=&#8221;2&#8243;][\/vc_column][vc_column width=&#8221;1\/2&#8243;][vc_custom_heading text=&#8221;YOUR OFFICE AT POLANCO OR NEAR REFORMA AV., BOTH MOST EXCLUSIVE AREAS OF MEXICO CITY &#8230; AT YOUR SERVICE&#8221; font_container=&#8221;tag:h2|font_size:25px|text_align:center|color:%23a3a3a3&#8243; google_fonts=&#8221;font_family:Roboto%20Slab%3A100%2C300%2Cregular%2C700|font_style:700%20bold%20regular%3A700%3Anormal&#8221;][\/vc_column][vc_column width=&#8221;1\/4&#8243;][vc_separator color=&#8221;blue&#8221; border_width=&#8221;2&#8243;][\/vc_column][\/vc_row][vc_row][vc_column width=&#8221;2\/3&#8243; css=&#8221;.vc_custom_1568157535254{padding-top: 5% !important;padding-right: 5% !important;padding-bottom: 5% !important;padding-left: 5% !important;background-image: url(http:\/\/www.cisebusiness.com\/english\/wp-content\/uploads\/2019\/09\/CISE-Polanco.jpg?id=1029) !important;background-position: center !important;background-repeat: no-repeat !important;background-size: cover !important;}&#8221;][vc_row_inner][vc_column_inner css=&#8221;.vc_custom_1568157802516{background-color: rgba(27,73,161,0.54) !important;*background-color: rgb(27,73,161) !important;}&#8221;][vc_custom_heading text=&#8221;Rent BoardRoom&#8221; font_container=&#8221;tag:h2|font_size:35px|text_align:center|color:%23ffffff&#8221; [&hellip;]<\/p>\n","protected":false},"author":5,"featured_media":0,"parent":0,"menu_order":0,"comment_status":"closed","ping_status":"closed","template":"","meta":{"_joinchat":[],"footnotes":""},"class_list":["post-1027","page","type-page","status-publish","hentry"],"_links":{"self":[{"href":"http:\/\/www.cisebusiness.com\/english\/wp-json\/wp\/v2\/pages\/1027","targetHints":{"allow":["GET"]}}],"collection":[{"href":"http:\/\/www.cisebusiness.com\/english\/wp-json\/wp\/v2\/pages"}],"about":[{"href":"http:\/\/www.cisebusiness.com\/english\/wp-json\/wp\/v2\/types\/page"}],"author":[{"embeddable":true,"href":"http:\/\/www.cisebusiness.com\/english\/wp-json\/wp\/v2\/users\/5"}],"replies":[{"embeddable":true,"href":"http:\/\/www.cisebusiness.com\/english\/wp-json\/wp\/v2\/comments?post=1027"}],"version-history":[{"count":52,"href":"http:\/\/www.cisebusiness.com\/english\/wp-json\/wp\/v2\/pages\/1027\/revisions"}],"predecessor-version":[{"id":1235,"href":"http:\/\/www.cisebusiness.com\/english\/wp-json\/wp\/v2\/pages\/1027\/revisions\/1235"}],"wp:attachment":[{"href":"http:\/\/www.cisebusiness.com\/english\/wp-json\/wp\/v2\/media?parent=1027"}],"curies":[{"name":"wp","href":"https:\/\/api.w.org\/{rel}","templated":true}]}}